{"id":129,"date":"2019-04-23T17:41:42","date_gmt":"2019-04-24T00:41:42","guid":{"rendered":"http:\/\/kccoa.net\/?page_id=129"},"modified":"2023-04-13T16:01:54","modified_gmt":"2023-04-13T23:01:54","slug":"lemoore-adult-daycare","status":"publish","type":"page","link":"https:\/\/kccoa.net\/?page_id=129","title":{"rendered":"Generations Adult Day Care | Guarder\u00eda para Adultos"},"content":{"rendered":"\n<div class=\"wp-block-group\"><div class=\"wp-block-group__inner-container is-layout-constrained wp-block-group-is-layout-constrained\">\n<div class=\"wp-block-group\"><div class=\"wp-block-group__inner-container is-layout-constrained wp-block-group-is-layout-constrained\">\n<div class=\"wp-block-group\"><div class=\"wp-block-group__inner-container is-layout-constrained wp-block-group-is-layout-constrained\">\n<div class=\"wp-block-columns is-layout-flex wp-container-core-columns-is-layout-9d6595d7 wp-block-columns-is-layout-flex\">\n<div class=\"wp-block-column is-layout-flow wp-block-column-is-layout-flow\">\n<div class=\"wp-block-group\"><div class=\"wp-block-group__inner-container is-layout-constrained wp-block-group-is-layout-constrained\">\n<div class=\"wp-block-group\"><div class=\"wp-block-group__inner-container is-layout-constrained wp-block-group-is-layout-constrained\">\n<div class=\"wp-block-group\"><div class=\"wp-block-group__inner-container is-layout-constrained wp-block-group-is-layout-constrained\">\n<div class=\"wp-block-group\"><div class=\"wp-block-group__inner-container is-layout-constrained wp-block-group-is-layout-constrained\">\n<figure class=\"wp-block-gallery has-nested-images columns-default is-cropped wp-block-gallery-1 is-layout-flex wp-block-gallery-is-layout-flex\">\n<figure class=\"wp-block-image size-large\"><img loading=\"lazy\" decoding=\"async\" width=\"1024\" height=\"768\" data-id=\"4970\" src=\"https:\/\/kccoa.net\/wp-content\/uploads\/2023\/04\/image_50726145-1024x768.jpg\" alt=\"\" class=\"wp-image-4970\" srcset=\"https:\/\/kccoa.net\/wp-content\/uploads\/2023\/04\/image_50726145-1024x768.jpg 1024w, https:\/\/kccoa.net\/wp-content\/uploads\/2023\/04\/image_50726145-300x225.jpg 300w, https:\/\/kccoa.net\/wp-content\/uploads\/2023\/04\/image_50726145-768x576.jpg 768w, https:\/\/kccoa.net\/wp-content\/uploads\/2023\/04\/image_50726145-1536x1152.jpg 1536w, https:\/\/kccoa.net\/wp-content\/uploads\/2023\/04\/image_50726145-2048x1536.jpg 2048w, https:\/\/kccoa.net\/wp-content\/uploads\/2023\/04\/image_50726145-600x450.jpg 600w\" sizes=\"auto, (max-width: 1024px) 100vw, 1024px\" \/><\/figure>\n<\/figure>\n<\/div><\/div>\n<\/div><\/div>\n<\/div><\/div>\n<\/div><\/div>\n\n\n\n<div class=\"wp-block-group\"><div class=\"wp-block-group__inner-container is-layout-constrained wp-block-group-is-layout-constrained\">\n<figure class=\"wp-block-gallery has-nested-images columns-default is-cropped wp-block-gallery-2 is-layout-flex wp-block-gallery-is-layout-flex\">\n<figure class=\"wp-block-image size-large\"><img loading=\"lazy\" decoding=\"async\" width=\"768\" height=\"1024\" data-id=\"4971\" src=\"https:\/\/kccoa.net\/wp-content\/uploads\/2023\/04\/image_67216385-768x1024.jpg\" alt=\"\" class=\"wp-image-4971\" srcset=\"https:\/\/kccoa.net\/wp-content\/uploads\/2023\/04\/image_67216385-768x1024.jpg 768w, https:\/\/kccoa.net\/wp-content\/uploads\/2023\/04\/image_67216385-225x300.jpg 225w, https:\/\/kccoa.net\/wp-content\/uploads\/2023\/04\/image_67216385-1152x1536.jpg 1152w, https:\/\/kccoa.net\/wp-content\/uploads\/2023\/04\/image_67216385-1536x2048.jpg 1536w, https:\/\/kccoa.net\/wp-content\/uploads\/2023\/04\/image_67216385-600x800.jpg 600w, https:\/\/kccoa.net\/wp-content\/uploads\/2023\/04\/image_67216385-scaled.jpg 1920w\" sizes=\"auto, (max-width: 768px) 100vw, 768px\" \/><\/figure>\n\n\n\n<figure class=\"wp-block-image size-large\"><img loading=\"lazy\" decoding=\"async\" width=\"768\" height=\"1024\" data-id=\"4966\" src=\"https:\/\/kccoa.net\/wp-content\/uploads\/2023\/04\/image_67181825-768x1024.jpg\" alt=\"\" class=\"wp-image-4966\" srcset=\"https:\/\/kccoa.net\/wp-content\/uploads\/2023\/04\/image_67181825-768x1024.jpg 768w, https:\/\/kccoa.net\/wp-content\/uploads\/2023\/04\/image_67181825-225x300.jpg 225w, https:\/\/kccoa.net\/wp-content\/uploads\/2023\/04\/image_67181825-1152x1536.jpg 1152w, https:\/\/kccoa.net\/wp-content\/uploads\/2023\/04\/image_67181825-1536x2048.jpg 1536w, https:\/\/kccoa.net\/wp-content\/uploads\/2023\/04\/image_67181825-600x800.jpg 600w, https:\/\/kccoa.net\/wp-content\/uploads\/2023\/04\/image_67181825-scaled.jpg 1920w\" sizes=\"auto, (max-width: 768px) 100vw, 768px\" \/><\/figure>\n<\/figure>\n<\/div><\/div>\n\n\n\n<figure class=\"wp-block-gallery has-nested-images columns-default is-cropped wp-block-gallery-3 is-layout-flex wp-block-gallery-is-layout-flex\">\n<figure class=\"wp-block-image size-large\"><img loading=\"lazy\" decoding=\"async\" width=\"872\" height=\"1024\" data-id=\"4969\" src=\"https:\/\/kccoa.net\/wp-content\/uploads\/2023\/04\/image_50730241-872x1024.jpg\" alt=\"\" class=\"wp-image-4969\" srcset=\"https:\/\/kccoa.net\/wp-content\/uploads\/2023\/04\/image_50730241-872x1024.jpg 872w, https:\/\/kccoa.net\/wp-content\/uploads\/2023\/04\/image_50730241-255x300.jpg 255w, https:\/\/kccoa.net\/wp-content\/uploads\/2023\/04\/image_50730241-768x902.jpg 768w, https:\/\/kccoa.net\/wp-content\/uploads\/2023\/04\/image_50730241-1307x1536.jpg 1307w, https:\/\/kccoa.net\/wp-content\/uploads\/2023\/04\/image_50730241-1743x2048.jpg 1743w, https:\/\/kccoa.net\/wp-content\/uploads\/2023\/04\/image_50730241-600x705.jpg 600w\" sizes=\"auto, (max-width: 872px) 100vw, 872px\" \/><\/figure>\n<\/figure>\n<\/div>\n\n\n\n<div class=\"wp-block-column is-layout-flow wp-block-column-is-layout-flow\">\n<div class=\"wp-block-columns is-layout-flex wp-container-core-columns-is-layout-9d6595d7 wp-block-columns-is-layout-flex\">\n<div class=\"wp-block-column is-layout-flow wp-block-column-is-layout-flow\">\n<p>The main purpose of the Lemoore Adult Day is to provide a supportive and nonjudgmental environment for frail and\/or disabled older adults and to provide much needed respite care for their caregivers.<\/p>\n\n\n\n<p>Having a calm, predictable, accepting environment can provide a sense of security not only to the client, enabling him to make full use of his abilities, but also to the families and caregivers of the client.<\/p>\n\n\n\n<p>The transportation of the clients to and from the Centers will be up to <a><\/a>the family\/caregivers. KART (Kings County\u2019s Public Transportation) is available for all clients.<\/p>\n\n\n\n<p>Hours of Operation: Monday through Friday, 8:00 AM to 5:00.<\/p>\n\n\n\n<p>Closed on holidays.<\/p>\n\n\n\n<p>&#8212;&#8212;&#8212;&#8212;&#8212;&#8212;&#8212;&#8212;&#8212;&#8212;&#8212;&#8212;&#8212;&#8212;&#8212;&#8212;&#8212;&#8212;-<\/p>\n\n\n\n<p>El objetivo principal del Guarder\u00eda para Adultos de Lemoore es brindar un entorno de apoyo y sin prejuicios para los adultos mayores fr\u00e1giles o discapacitados y brindar el alivio que tanto necesitan sus cuidadores.<\/p>\n\n\n\n<p>Tener un ambiente tranquilo, predecible y de aceptaci\u00f3n puede brindar una sensaci\u00f3n de seguridad no solo al cliente, permiti\u00e9ndole hacer uso de sus habilidades, sino tambi\u00e9n a las familias y cuidadores del cliente.<\/p>\n\n\n\n<p>El transporte de los clientes hacia y desde los Centros estar\u00e1 a cargo de la familia\/cuidadores. KART (transporte p\u00fablico del condado de Kings) est\u00e1 disponible para todos los clientes.<\/p>\n\n\n\n<p>Horario: lunes a viernes, de 8:00 a. m. a 5:00 p. m.<\/p>\n\n\n\n<p>Cerrado los d\u00edas festivos.<\/p>\n<\/div>\n<\/div>\n<\/div>\n<\/div>\n<\/div><\/div>\n<\/div><\/div>\n\n\n\n<p><\/p>\n\n\n\n<figure class=\"wp-block-gallery has-nested-images columns-default is-cropped wp-block-gallery-4 is-layout-flex wp-block-gallery-is-layout-flex\"><\/figure>\n<\/div><\/div>\n\n\n\n<div class=\"wp-block-columns is-layout-flex wp-container-core-columns-is-layout-9d6595d7 wp-block-columns-is-layout-flex\">\n<div class=\"wp-block-column is-layout-flow wp-block-column-is-layout-flow\">\n<figure class=\"wp-block-image size-large\"><img loading=\"lazy\" decoding=\"async\" width=\"451\" height=\"1024\" src=\"https:\/\/kccoa.net\/wp-content\/uploads\/2020\/10\/Lemoore-Adult-Day-Care-Center-1-451x1024.jpg\" alt=\"\" class=\"wp-image-4749\" srcset=\"https:\/\/kccoa.net\/wp-content\/uploads\/2020\/10\/Lemoore-Adult-Day-Care-Center-1-451x1024.jpg 451w, https:\/\/kccoa.net\/wp-content\/uploads\/2020\/10\/Lemoore-Adult-Day-Care-Center-1-600x1363.jpg 600w, https:\/\/kccoa.net\/wp-content\/uploads\/2020\/10\/Lemoore-Adult-Day-Care-Center-1-132x300.jpg 132w, https:\/\/kccoa.net\/wp-content\/uploads\/2020\/10\/Lemoore-Adult-Day-Care-Center-1-768x1745.jpg 768w, https:\/\/kccoa.net\/wp-content\/uploads\/2020\/10\/Lemoore-Adult-Day-Care-Center-1-676x1536.jpg 676w, https:\/\/kccoa.net\/wp-content\/uploads\/2020\/10\/Lemoore-Adult-Day-Care-Center-1-901x2048.jpg 901w, https:\/\/kccoa.net\/wp-content\/uploads\/2020\/10\/Lemoore-Adult-Day-Care-Center-1-scaled.jpg 1127w\" sizes=\"auto, (max-width: 451px) 100vw, 451px\" \/><\/figure>\n<\/div>\n\n\n\n<div class=\"wp-block-column is-layout-flow wp-block-column-is-layout-flow\">\n<figure class=\"wp-block-image size-large\"><img loading=\"lazy\" decoding=\"async\" width=\"454\" height=\"1024\" src=\"https:\/\/kccoa.net\/wp-content\/uploads\/2020\/10\/Lemoore-Adult-Day-Care-Center-2-454x1024.jpg\" alt=\"\" class=\"wp-image-4750\" srcset=\"https:\/\/kccoa.net\/wp-content\/uploads\/2020\/10\/Lemoore-Adult-Day-Care-Center-2-454x1024.jpg 454w, https:\/\/kccoa.net\/wp-content\/uploads\/2020\/10\/Lemoore-Adult-Day-Care-Center-2-600x1354.jpg 600w, https:\/\/kccoa.net\/wp-content\/uploads\/2020\/10\/Lemoore-Adult-Day-Care-Center-2-133x300.jpg 133w, https:\/\/kccoa.net\/wp-content\/uploads\/2020\/10\/Lemoore-Adult-Day-Care-Center-2-768x1733.jpg 768w, https:\/\/kccoa.net\/wp-content\/uploads\/2020\/10\/Lemoore-Adult-Day-Care-Center-2-681x1536.jpg 681w, https:\/\/kccoa.net\/wp-content\/uploads\/2020\/10\/Lemoore-Adult-Day-Care-Center-2-908x2048.jpg 908w, https:\/\/kccoa.net\/wp-content\/uploads\/2020\/10\/Lemoore-Adult-Day-Care-Center-2-scaled.jpg 1135w\" sizes=\"auto, (max-width: 454px) 100vw, 454px\" \/><\/figure>\n<\/div>\n<\/div>\n","protected":false},"excerpt":{"rendered":"<p>The main purpose of the Lemoore Adult Day is to provide a supportive and nonjudgmental environment for frail and\/or disabled older adults and to provide much needed respite care for their caregivers. Having a calm, predictable, accepting environment can provide a sense of security not only to the client, enabling him to make full use of his abilities, but also to the families and caregivers of the client. The transportation of the clients to and from the Centers will be up to the family\/caregivers. KART (Kings County\u2019s Public Transportation) is available for all clients. Hours of Operation: Monday through Friday,&#8230; <\/p>\n","protected":false},"author":1,"featured_media":0,"parent":0,"menu_order":0,"comment_status":"closed","ping_status":"closed","template":"template-parts\/page-template-no-sidebar.php","meta":{"footnotes":""},"class_list":["post-129","page","type-page","status-publish","hentry"],"_links":{"self":[{"href":"https:\/\/kccoa.net\/index.php?rest_route=\/wp\/v2\/pages\/129","targetHints":{"allow":["GET"]}}],"collection":[{"href":"https:\/\/kccoa.net\/index.php?rest_route=\/wp\/v2\/pages"}],"about":[{"href":"https:\/\/kccoa.net\/index.php?rest_route=\/wp\/v2\/types\/page"}],"author":[{"embeddable":true,"href":"https:\/\/kccoa.net\/index.php?rest_route=\/wp\/v2\/users\/1"}],"replies":[{"embeddable":true,"href":"https:\/\/kccoa.net\/index.php?rest_route=%2Fwp%2Fv2%2Fcomments&post=129"}],"version-history":[{"count":11,"href":"https:\/\/kccoa.net\/index.php?rest_route=\/wp\/v2\/pages\/129\/revisions"}],"predecessor-version":[{"id":4978,"href":"https:\/\/kccoa.net\/index.php?rest_route=\/wp\/v2\/pages\/129\/revisions\/4978"}],"wp:attachment":[{"href":"https:\/\/kccoa.net\/index.php?rest_route=%2Fwp%2Fv2%2Fmedia&parent=129"}],"curies":[{"name":"wp","href":"https:\/\/api.w.org\/{rel}","templated":true}]}}